{"id":1407,"date":"2025-02-06T11:26:16","date_gmt":"2025-02-06T11:26:16","guid":{"rendered":"https:\/\/www.genoaluxapartments.com\/politique-en-matiere-de-cookies\/"},"modified":"2025-07-24T06:57:56","modified_gmt":"2025-07-24T06:57:56","slug":"politique-en-matiere-de-cookies","status":"publish","type":"page","link":"https:\/\/www.genoaluxapartments.com\/fr\/politique-en-matiere-de-cookies\/","title":{"rendered":"Politique en mati\u00e8re de cookies"},"content":{"rendered":"\t\t<div data-elementor-type=\"wp-page\" data-elementor-id=\"1407\" class=\"elementor elementor-1407 elementor-131\" data-elementor-post-type=\"page\">\n\t\t\t\t<div class=\"elementor-element elementor-element-fcdd57e e-flex e-con-boxed e-con e-parent\" data-id=\"fcdd57e\" data-element_type=\"container\" data-e-type=\"container\" data-settings=\"{&quot;background_background&quot;:&quot;classic&quot;}\">\n\t\t\t\t\t<div class=\"e-con-inner\">\n\t\t\t\t\t<\/div>\n\t\t\t\t<\/div>\n\t\t<div class=\"elementor-element elementor-element-7d50aabe e-flex e-con-boxed e-con e-parent\" data-id=\"7d50aabe\" data-element_type=\"container\" data-e-type=\"container\">\n\t\t\t\t\t<div class=\"e-con-inner\">\n\t\t\t\t<div class=\"elementor-element elementor-element-50b5ceaf elementor-widget elementor-widget-text-editor\" data-id=\"50b5ceaf\" data-element_type=\"widget\" data-e-type=\"widget\" data-widget_type=\"text-editor.default\">\n\t\t\t\t<div class=\"elementor-widget-container\">\n\t\t\t\t\t\t\t\t\t<h2>\u00c0 propos de cette politique en mati\u00e8re de cookies<\/h2><p>Cette politique en mati\u00e8re de cookies explique ce que sont les cookies et comment nous les utilisons, les types de cookies que nous utilisons, c\u2019est-\u00e0-dire les informations que nous recueillons \u00e0 l\u2019aide des cookies et comment ces informations sont utilis\u00e9es, et comment contr\u00f4ler vos pr\u00e9f\u00e9rences en mati\u00e8re de cookies. Pour plus d\u2019informations sur la fa\u00e7on dont nous utilisons, stockons et prot\u00e9geons vos donn\u00e9es personnelles, veuillez consulter notre Politique de confidentialit\u00e9. <\/p><p>Vous pouvez \u00e0 tout moment modifier ou retirer votre consentement \u00e0 la d\u00e9claration sur les cookies sur notre site Web<br>Pour en savoir plus sur qui nous sommes, comment vous pouvez nous contacter et comment nous traitons les donn\u00e9es personnelles, consultez notre politique de confidentialit\u00e9<\/p><p>Votre consentement s\u2019applique aux domaines suivants : www.genoaluxapartments.com<\/p><p><a class=\"cky-banner-element\">Pr\u00e9f\u00e9rences en mati\u00e8re de cookies<\/a><\/p><h2>Que sont les cookies ?<\/h2><div>Les cookies sont de petits fichiers texte qui sont utilis\u00e9s pour stocker de petits \u00e9l\u00e9ments d\u2019information. Ils sont stock\u00e9s sur votre appareil lorsque le site Web se charge sur votre navigateur. Ces cookies nous aident \u00e0 faire fonctionner le site web correctement, \u00e0 le rendre plus s\u00fbr, \u00e0 offrir une meilleure exp\u00e9rience utilisateur et \u00e0 comprendre comment le site web fonctionne et \u00e0 analyser ce qui fonctionne et o\u00f9 il doit \u00eatre am\u00e9lior\u00e9.  <\/div><h2>Comment utilisons-nous les cookies ?<\/h2><div><p>Comme la plupart des services en ligne, notre site Web utilise des cookies internes et tiers \u00e0 diverses fins. Les cookies de premi\u00e8re partie sont principalement n\u00e9cessaires au bon fonctionnement du site Web et ne collectent aucune de vos donn\u00e9es personnellement identifiables. <\/p><p>Les cookies tiers utilis\u00e9s sur notre site Web servent principalement \u00e0 comprendre comment le site Web fonctionne, comment vous interagissez avec notre site Web, \u00e0 assurer la s\u00e9curit\u00e9 de nos services, \u00e0 vous fournir des publicit\u00e9s pertinentes pour vous et, dans l\u2019ensemble, \u00e0 vous offrir une exp\u00e9rience utilisateur meilleure et am\u00e9lior\u00e9e et \u00e0 acc\u00e9l\u00e9rer vos interactions futures avec notre site Web.<\/p><\/div><h2>Quels types de cookies utilisons-nous ?<\/h2><div class=\"cky-audit-table-element\"> <\/div><h2>Comment g\u00e9rer les pr\u00e9f\u00e9rences et donner ou retirer votre consentement<\/h2><p>Il existe plusieurs fa\u00e7ons de g\u00e9rer vos pr\u00e9f\u00e9rences en mati\u00e8re de traceurs et de donner ou retirer votre consentement le cas \u00e9ch\u00e9ant :<br>Les utilisateurs peuvent g\u00e9rer leurs pr\u00e9f\u00e9rences relatives aux traceurs directement via les param\u00e8tres de leurs appareils &#8211; par exemple, ils peuvent emp\u00eacher l\u2019utilisation ou le stockage des traceurs.<br>En outre, chaque fois que l\u2019utilisation des traceurs d\u00e9pend d\u2019un consentement, l\u2019utilisateur peut donner ou retirer ce consentement en d\u00e9finissant ses pr\u00e9f\u00e9rences dans la politique de cookies ou en mettant \u00e0 jour ces pr\u00e9f\u00e9rences via le widget de param\u00e8tres de suivi, le cas \u00e9ch\u00e9ant.<br>Gr\u00e2ce aux fonctions sp\u00e9ciales du navigateur ou de l\u2019appareil, il est \u00e9galement possible de supprimer les traceurs pr\u00e9c\u00e9demment enregistr\u00e9s.<br>Les autres traqueurs pr\u00e9sents dans le stockage local de votre navigateur peuvent \u00eatre supprim\u00e9s en effa\u00e7ant votre historique de navigation.<br>En ce qui concerne les traceurs tiers, les utilisateurs peuvent g\u00e9rer leurs pr\u00e9f\u00e9rences et retirer leur consentement en visitant le lien de d\u00e9sinscription correspondant (le cas \u00e9ch\u00e9ant), en utilisant les outils d\u00e9crits dans la politique de confidentialit\u00e9 du tiers ou en le contactant directement.<br>Identification des param\u00e8tres li\u00e9s aux traceurs Les utilisateurs peuvent, par exemple, trouver des informations sur la gestion des cookies dans certains des navigateurs les plus populaires aux adresses suivantes :<\/p><ul><li><a href=\"https:\/\/support.google.com\/chrome\/answer\/95647?hl=it&amp;p=cpn_cookies\" target=\"_blank\" rel=\"noopener\">Google Chrome<\/a><\/li><li><a href=\"https:\/\/support.mozilla.org\/it\/kb\/protezione-antitracciamento-avanzata-firefox-desktop?redirectslug=Attivare+e+disattivare+i+cookie&amp;redirectlocale=it\" target=\"_blank\" rel=\"noopener\">Mozilla Firefox<\/a><\/li><li><a href=\"https:\/\/support.apple.com\/it-it\/guide\/safari\/sfri11471\/mac\" target=\"_blank\" rel=\"noopener\">Apple Safari<\/a><\/li><li><a href=\"https:\/\/support.microsoft.com\/it-it\/windows\/eliminare-e-gestire-i-cookie-168dab11-0753-043d-7c16-ede5947fc64d\" target=\"_blank\" rel=\"noopener\">Microsoft Internet Explorer<\/a><\/li><li><a href=\"https:\/\/support.microsoft.com\/it-it\/microsoft-edge\/eliminare-i-cookie-in-microsoft-edge-63947406-40ac-c3b8-57b9-2a946a29ae09\" target=\"_blank\" rel=\"noopener\">Bord Microsoft<\/a><\/li><li><a href=\"https:\/\/support.brave.com\/hc\/en-us\/articles\/360022806212-How-do-I-use-Shields-while-browsing\" target=\"_blank\" rel=\"noopener\">Bon<\/a><\/li><li><a href=\"https:\/\/help.opera.com\/en\/latest\/web-preferences\/#cookies\" target=\"_blank\" rel=\"noopener\">Travail<\/a><\/li><\/ul><p> <\/p><p>Les utilisateurs peuvent \u00e9galement g\u00e9rer certains traceurs pour les applications mobiles en les d\u00e9sactivant via les param\u00e8tres appropri\u00e9s de l\u2019appareil, tels que les param\u00e8tres de publicit\u00e9 mobile ou les param\u00e8tres de suivi en g\u00e9n\u00e9ral (les utilisateurs peuvent consulter les param\u00e8tres de l\u2019appareil pour trouver celui qui convient).<br>Nonobstant ce qui pr\u00e9c\u00e8de, les utilisateurs sont inform\u00e9s de la possibilit\u00e9 d\u2019utiliser les informations sur YourOnlineChoices (UE), Network Advertising Initiative (\u00c9tats-Unis) et Digital Advertising Alliance (\u00c9tats-Unis), DAAC (Canada), DDAI (Japon) ou d\u2019autres services similaires. Avec ces services, vous pouvez g\u00e9rer les pr\u00e9f\u00e9rences de suivi de la plupart des outils publicitaires. Le Responsable du traitement conseille donc aux Utilisateurs d\u2019utiliser ces ressources en plus des informations fournies dans les pr\u00e9sentes.<br>La Digital Advertising Alliance fournit \u00e9galement une application appel\u00e9e AppChoices qui aide les utilisateurs \u00e0 contr\u00f4ler la publicit\u00e9 comportementale sur les applications mobiles.  <\/p><p>Cons\u00e9quences du refus du consentement L\u2019utilisateur est libre de d\u00e9cider de donner ou non son consentement. Cependant, veuillez noter que les traceurs permettent \u00e0 ce site Web d\u2019offrir une meilleure exp\u00e9rience et des fonctionnalit\u00e9s am\u00e9lior\u00e9es aux utilisateurs (conform\u00e9ment aux objectifs d\u00e9crits dans les pr\u00e9sentes). Par cons\u00e9quent, en l\u2019absence du consentement de l\u2019utilisateur, le responsable du traitement peut ne pas \u00eatre en mesure de fournir les fonctionnalit\u00e9s associ\u00e9es.  <\/p>\t\t\t\t\t\t\t\t<\/div>\n\t\t\t\t<\/div>\n\t\t\t\t\t<\/div>\n\t\t\t\t<\/div>\n\t\t\t\t<\/div>\n\t\t","protected":false},"excerpt":{"rendered":"<p>\u00c0 propos de cette politique en mati\u00e8re de cookies Cette politique en mati\u00e8re de cookies explique ce que sont les cookies et comment nous les utilisons, les types de cookies que nous utilisons, c\u2019est-\u00e0-dire les informations que nous recueillons \u00e0 l\u2019aide des cookies et comment ces informations sont utilis\u00e9es, et comment contr\u00f4ler vos pr\u00e9f\u00e9rences en [&hellip;]<\/p>\n","protected":false},"author":1,"featured_media":0,"parent":0,"menu_order":0,"comment_status":"closed","ping_status":"closed","template":"","meta":{"_acf_changed":false,"footnotes":""},"class_list":["post-1407","page","type-page","status-publish","hentry"],"acf":[],"yoast_head":"<!-- This site is optimized with the Yoast SEO plugin v27.5 - https:\/\/yoast.com\/product\/yoast-seo-wordpress\/ -->\n<title>Politique en mati\u00e8re de cookies - Genoa Lux Apartments with parking<\/title>\n<meta name=\"description\" content=\"Luxury apartments in Genoa with private parking. Comfort, style and central location for a stress-free stay. Book your ideal space now!\" \/>\n<meta name=\"robots\" content=\"index, follow, max-snippet:-1, max-image-preview:large, max-video-preview:-1\" \/>\n<link rel=\"canonical\" href=\"https:\/\/www.genoaluxapartments.com\/fr\/politique-en-matiere-de-cookies\/\" \/>\n<meta property=\"og:locale\" content=\"fr_FR\" \/>\n<meta property=\"og:type\" content=\"article\" \/>\n<meta property=\"og:title\" content=\"Politique en mati\u00e8re de cookies - Genoa Lux Apartments with parking\" \/>\n<meta property=\"og:description\" content=\"Luxury apartments in Genoa with private parking. Comfort, style and central location for a stress-free stay. Book your ideal space now!\" \/>\n<meta property=\"og:url\" content=\"https:\/\/www.genoaluxapartments.com\/fr\/politique-en-matiere-de-cookies\/\" \/>\n<meta property=\"og:site_name\" content=\"Genoa Lux Apartments With Parking\" \/>\n<meta property=\"article:modified_time\" content=\"2025-07-24T06:57:56+00:00\" \/>\n<meta name=\"twitter:card\" content=\"summary_large_image\" \/>\n<meta name=\"twitter:label1\" content=\"Dur\u00e9e de lecture estim\u00e9e\" \/>\n\t<meta name=\"twitter:data1\" content=\"4 minutes\" \/>\n<script type=\"application\/ld+json\" class=\"yoast-schema-graph\">{\"@context\":\"https:\\\/\\\/schema.org\",\"@graph\":[{\"@type\":\"WebPage\",\"@id\":\"https:\\\/\\\/www.genoaluxapartments.com\\\/fr\\\/politique-en-matiere-de-cookies\\\/\",\"url\":\"https:\\\/\\\/www.genoaluxapartments.com\\\/fr\\\/politique-en-matiere-de-cookies\\\/\",\"name\":\"Politique en mati\u00e8re de cookies - Genoa Lux Apartments with parking\",\"isPartOf\":{\"@id\":\"https:\\\/\\\/www.genoaluxapartments.com\\\/fr\\\/#website\"},\"datePublished\":\"2025-02-06T11:26:16+00:00\",\"dateModified\":\"2025-07-24T06:57:56+00:00\",\"description\":\"Luxury apartments in Genoa with private parking. Comfort, style and central location for a stress-free stay. Book your ideal space now!\",\"breadcrumb\":{\"@id\":\"https:\\\/\\\/www.genoaluxapartments.com\\\/fr\\\/politique-en-matiere-de-cookies\\\/#breadcrumb\"},\"inLanguage\":\"fr-FR\",\"potentialAction\":[{\"@type\":\"ReadAction\",\"target\":[\"https:\\\/\\\/www.genoaluxapartments.com\\\/fr\\\/politique-en-matiere-de-cookies\\\/\"]}]},{\"@type\":\"BreadcrumbList\",\"@id\":\"https:\\\/\\\/www.genoaluxapartments.com\\\/fr\\\/politique-en-matiere-de-cookies\\\/#breadcrumb\",\"itemListElement\":[{\"@type\":\"ListItem\",\"position\":1,\"name\":\"Home\",\"item\":\"https:\\\/\\\/www.genoaluxapartments.com\\\/fr\\\/domicile\\\/\"},{\"@type\":\"ListItem\",\"position\":2,\"name\":\"Politique en mati\u00e8re de cookies\"}]},{\"@type\":\"WebSite\",\"@id\":\"https:\\\/\\\/www.genoaluxapartments.com\\\/fr\\\/#website\",\"url\":\"https:\\\/\\\/www.genoaluxapartments.com\\\/fr\\\/\",\"name\":\"Genoa Lux Apartments With Parking\",\"description\":\"\",\"publisher\":{\"@id\":\"https:\\\/\\\/www.genoaluxapartments.com\\\/fr\\\/#organization\"},\"potentialAction\":[{\"@type\":\"SearchAction\",\"target\":{\"@type\":\"EntryPoint\",\"urlTemplate\":\"https:\\\/\\\/www.genoaluxapartments.com\\\/fr\\\/?s={search_term_string}\"},\"query-input\":{\"@type\":\"PropertyValueSpecification\",\"valueRequired\":true,\"valueName\":\"search_term_string\"}}],\"inLanguage\":\"fr-FR\"},{\"@type\":\"Organization\",\"@id\":\"https:\\\/\\\/www.genoaluxapartments.com\\\/fr\\\/#organization\",\"name\":\"Genoa Lux Apartments With Parking\",\"url\":\"https:\\\/\\\/www.genoaluxapartments.com\\\/fr\\\/\",\"logo\":{\"@type\":\"ImageObject\",\"inLanguage\":\"fr-FR\",\"@id\":\"https:\\\/\\\/www.genoaluxapartments.com\\\/fr\\\/#\\\/schema\\\/logo\\\/image\\\/\",\"url\":\"https:\\\/\\\/www.genoaluxapartments.com\\\/wp-content\\\/uploads\\\/2025\\\/02\\\/logo-genoa-lux@2x.png\",\"contentUrl\":\"https:\\\/\\\/www.genoaluxapartments.com\\\/wp-content\\\/uploads\\\/2025\\\/02\\\/logo-genoa-lux@2x.png\",\"width\":1616,\"height\":239,\"caption\":\"Genoa Lux Apartments With Parking\"},\"image\":{\"@id\":\"https:\\\/\\\/www.genoaluxapartments.com\\\/fr\\\/#\\\/schema\\\/logo\\\/image\\\/\"}}]}<\/script>\n<!-- \/ Yoast SEO plugin. -->","yoast_head_json":{"title":"Politique en mati\u00e8re de cookies - Genoa Lux Apartments with parking","description":"Luxury apartments in Genoa with private parking. Comfort, style and central location for a stress-free stay. Book your ideal space now!","robots":{"index":"index","follow":"follow","max-snippet":"max-snippet:-1","max-image-preview":"max-image-preview:large","max-video-preview":"max-video-preview:-1"},"canonical":"https:\/\/www.genoaluxapartments.com\/fr\/politique-en-matiere-de-cookies\/","og_locale":"fr_FR","og_type":"article","og_title":"Politique en mati\u00e8re de cookies - Genoa Lux Apartments with parking","og_description":"Luxury apartments in Genoa with private parking. Comfort, style and central location for a stress-free stay. Book your ideal space now!","og_url":"https:\/\/www.genoaluxapartments.com\/fr\/politique-en-matiere-de-cookies\/","og_site_name":"Genoa Lux Apartments With Parking","article_modified_time":"2025-07-24T06:57:56+00:00","twitter_card":"summary_large_image","twitter_misc":{"Dur\u00e9e de lecture estim\u00e9e":"4 minutes"},"schema":{"@context":"https:\/\/schema.org","@graph":[{"@type":"WebPage","@id":"https:\/\/www.genoaluxapartments.com\/fr\/politique-en-matiere-de-cookies\/","url":"https:\/\/www.genoaluxapartments.com\/fr\/politique-en-matiere-de-cookies\/","name":"Politique en mati\u00e8re de cookies - Genoa Lux Apartments with parking","isPartOf":{"@id":"https:\/\/www.genoaluxapartments.com\/fr\/#website"},"datePublished":"2025-02-06T11:26:16+00:00","dateModified":"2025-07-24T06:57:56+00:00","description":"Luxury apartments in Genoa with private parking. Comfort, style and central location for a stress-free stay. Book your ideal space now!","breadcrumb":{"@id":"https:\/\/www.genoaluxapartments.com\/fr\/politique-en-matiere-de-cookies\/#breadcrumb"},"inLanguage":"fr-FR","potentialAction":[{"@type":"ReadAction","target":["https:\/\/www.genoaluxapartments.com\/fr\/politique-en-matiere-de-cookies\/"]}]},{"@type":"BreadcrumbList","@id":"https:\/\/www.genoaluxapartments.com\/fr\/politique-en-matiere-de-cookies\/#breadcrumb","itemListElement":[{"@type":"ListItem","position":1,"name":"Home","item":"https:\/\/www.genoaluxapartments.com\/fr\/domicile\/"},{"@type":"ListItem","position":2,"name":"Politique en mati\u00e8re de cookies"}]},{"@type":"WebSite","@id":"https:\/\/www.genoaluxapartments.com\/fr\/#website","url":"https:\/\/www.genoaluxapartments.com\/fr\/","name":"Genoa Lux Apartments With Parking","description":"","publisher":{"@id":"https:\/\/www.genoaluxapartments.com\/fr\/#organization"},"potentialAction":[{"@type":"SearchAction","target":{"@type":"EntryPoint","urlTemplate":"https:\/\/www.genoaluxapartments.com\/fr\/?s={search_term_string}"},"query-input":{"@type":"PropertyValueSpecification","valueRequired":true,"valueName":"search_term_string"}}],"inLanguage":"fr-FR"},{"@type":"Organization","@id":"https:\/\/www.genoaluxapartments.com\/fr\/#organization","name":"Genoa Lux Apartments With Parking","url":"https:\/\/www.genoaluxapartments.com\/fr\/","logo":{"@type":"ImageObject","inLanguage":"fr-FR","@id":"https:\/\/www.genoaluxapartments.com\/fr\/#\/schema\/logo\/image\/","url":"https:\/\/www.genoaluxapartments.com\/wp-content\/uploads\/2025\/02\/logo-genoa-lux@2x.png","contentUrl":"https:\/\/www.genoaluxapartments.com\/wp-content\/uploads\/2025\/02\/logo-genoa-lux@2x.png","width":1616,"height":239,"caption":"Genoa Lux Apartments With Parking"},"image":{"@id":"https:\/\/www.genoaluxapartments.com\/fr\/#\/schema\/logo\/image\/"}}]}},"_links":{"self":[{"href":"https:\/\/www.genoaluxapartments.com\/fr\/wp-json\/wp\/v2\/pages\/1407","targetHints":{"allow":["GET"]}}],"collection":[{"href":"https:\/\/www.genoaluxapartments.com\/fr\/wp-json\/wp\/v2\/pages"}],"about":[{"href":"https:\/\/www.genoaluxapartments.com\/fr\/wp-json\/wp\/v2\/types\/page"}],"author":[{"embeddable":true,"href":"https:\/\/www.genoaluxapartments.com\/fr\/wp-json\/wp\/v2\/users\/1"}],"replies":[{"embeddable":true,"href":"https:\/\/www.genoaluxapartments.com\/fr\/wp-json\/wp\/v2\/comments?post=1407"}],"version-history":[{"count":2,"href":"https:\/\/www.genoaluxapartments.com\/fr\/wp-json\/wp\/v2\/pages\/1407\/revisions"}],"predecessor-version":[{"id":1632,"href":"https:\/\/www.genoaluxapartments.com\/fr\/wp-json\/wp\/v2\/pages\/1407\/revisions\/1632"}],"wp:attachment":[{"href":"https:\/\/www.genoaluxapartments.com\/fr\/wp-json\/wp\/v2\/media?parent=1407"}],"curies":[{"name":"wp","href":"https:\/\/api.w.org\/{rel}","templated":true}]}}