{"id":1411,"date":"2025-02-06T09:32:52","date_gmt":"2025-02-06T09:32:52","guid":{"rendered":"https:\/\/www.genoaluxapartments.com\/ou-sommes-nous\/"},"modified":"2025-07-04T08:09:41","modified_gmt":"2025-07-04T08:09:41","slug":"ou-sommes-nous","status":"publish","type":"page","link":"https:\/\/www.genoaluxapartments.com\/fr\/ou-sommes-nous\/","title":{"rendered":"O\u00f9 sommes-nous"},"content":{"rendered":"\t\t<div data-elementor-type=\"wp-page\" data-elementor-id=\"1411\" class=\"elementor elementor-1411 elementor-50\" data-elementor-post-type=\"page\">\n\t\t\t\t<div class=\"elementor-element elementor-element-dd68eef e-flex e-con-boxed e-con e-parent\" data-id=\"dd68eef\" data-element_type=\"container\" data-e-type=\"container\" data-settings=\"{&quot;background_background&quot;:&quot;classic&quot;}\">\n\t\t\t\t\t<div class=\"e-con-inner\">\n\t\t\t\t\t<\/div>\n\t\t\t\t<\/div>\n\t\t<div class=\"elementor-element elementor-element-5825fb5 e-flex e-con-boxed elementor-invisible e-con e-parent\" data-id=\"5825fb5\" data-element_type=\"container\" data-e-type=\"container\" data-settings=\"{&quot;animation&quot;:&quot;slideInUp&quot;}\">\n\t\t\t\t\t<div class=\"e-con-inner\">\n\t\t<div class=\"elementor-element elementor-element-e373172 e-con-full e-flex e-con e-child\" data-id=\"e373172\" data-element_type=\"container\" data-e-type=\"container\">\n\t\t<div class=\"elementor-element elementor-element-ec1c739 e-con-full e-flex e-con e-child\" data-id=\"ec1c739\" data-element_type=\"container\" data-e-type=\"container\">\n\t\t<div class=\"elementor-element elementor-element-74b9374 e-con-full e-flex e-con e-child\" data-id=\"74b9374\" data-element_type=\"container\" data-e-type=\"container\">\n\t\t\t\t<div class=\"elementor-element elementor-element-b24b39d elementor-widget elementor-widget-heading\" data-id=\"b24b39d\" data-element_type=\"widget\" data-e-type=\"widget\" data-widget_type=\"heading.default\">\n\t\t\t\t<div class=\"elementor-widget-container\">\n\t\t\t\t\t<p class=\"elementor-heading-title elementor-size-default\">O\u00f9 se trouvent les appartements<\/p>\t\t\t\t<\/div>\n\t\t\t\t<\/div>\n\t\t\t\t<\/div>\n\t\t\t\t<\/div>\n\t\t\t\t<div class=\"elementor-element elementor-element-70fa0f0 elementor-widget elementor-widget-html\" data-id=\"70fa0f0\" data-element_type=\"widget\" data-e-type=\"widget\" data-widget_type=\"html.default\">\n\t\t\t\t<div class=\"elementor-widget-container\">\n\t\t\t\t\t<div style=\"height:460px; width:100%; display:inline-block; overflow:hidden;\">\n<iframe src=\"https:\/\/www.google.com\/maps\/d\/embed?mid=1-DhWNt7NcRZpcEvcZsuWDCOaYB8rmkE&amp;ehbc=2E312F&amp;noprof=1&amp;z=14\" style=\"position:relative; top:-60px; border:none;\" width=\"640\" height=\"500\"><\/iframe>\n<\/div>\t\t\t\t<\/div>\n\t\t\t\t<\/div>\n\t\t<div class=\"elementor-element elementor-element-260b088 e-con-full e-flex e-con e-child\" data-id=\"260b088\" data-element_type=\"container\" data-e-type=\"container\">\n\t\t<div class=\"elementor-element elementor-element-076d0b3 e-con-full e-flex e-con e-child\" data-id=\"076d0b3\" data-element_type=\"container\" data-e-type=\"container\">\n\t\t\t\t<div class=\"elementor-element elementor-element-1c52b46 elementor-widget elementor-widget-n-accordion\" data-id=\"1c52b46\" data-element_type=\"widget\" data-e-type=\"widget\" data-settings=\"{&quot;default_state&quot;:&quot;all_collapsed&quot;,&quot;max_items_expended&quot;:&quot;one&quot;,&quot;n_accordion_animation_duration&quot;:{&quot;unit&quot;:&quot;ms&quot;,&quot;size&quot;:400,&quot;sizes&quot;:[]}}\" data-widget_type=\"nested-accordion.default\">\n\t\t\t\t<div class=\"elementor-widget-container\">\n\t\t\t\t\t\t\t<div class=\"e-n-accordion\" aria-label=\"Accordion. Open links with Enter or Space, close with Escape, and navigate with Arrow Keys\">\n\t\t\t\t\t\t<details id=\"e-n-accordion-item-2960\" class=\"e-n-accordion-item\" >\n\t\t\t\t<summary class=\"e-n-accordion-item-title\" data-accordion-index=\"1\" tabindex=\"0\" aria-expanded=\"false\" aria-controls=\"e-n-accordion-item-2960\" >\n\t\t\t\t\t<span class='e-n-accordion-item-title-header'><div class=\"e-n-accordion-item-title-text\"> Comment nous rejoindre <\/div><\/span>\n\t\t\t\t\t\t\t<span class='e-n-accordion-item-title-icon'>\n\t\t\t<span class='e-opened' ><svg aria-hidden=\"true\" class=\"e-font-icon-svg e-fas-minus\" viewBox=\"0 0 448 512\" xmlns=\"http:\/\/www.w3.org\/2000\/svg\"><path d=\"M416 208H32c-17.67 0-32 14.33-32 32v32c0 17.67 14.33 32 32 32h384c17.67 0 32-14.33 32-32v-32c0-17.67-14.33-32-32-32z\"><\/path><\/svg><\/span>\n\t\t\t<span class='e-closed'><svg aria-hidden=\"true\" class=\"e-font-icon-svg e-fas-plus\" viewBox=\"0 0 448 512\" xmlns=\"http:\/\/www.w3.org\/2000\/svg\"><path d=\"M416 208H272V64c0-17.67-14.33-32-32-32h-32c-17.67 0-32 14.33-32 32v144H32c-17.67 0-32 14.33-32 32v32c0 17.67 14.33 32 32 32h144v144c0 17.67 14.33 32 32 32h32c17.67 0 32-14.33 32-32V304h144c17.67 0 32-14.33 32-32v-32c0-17.67-14.33-32-32-32z\"><\/path><\/svg><\/span>\n\t\t<\/span>\n\n\t\t\t\t\t\t<\/summary>\n\t\t\t\t<div role=\"region\" aria-labelledby=\"e-n-accordion-item-2960\" class=\"elementor-element elementor-element-447d934 e-con-full e-flex e-con e-child\" data-id=\"447d934\" data-element_type=\"container\" data-e-type=\"container\">\n\t\t\t\t<div class=\"elementor-element elementor-element-1fa2f81 elementor-widget elementor-widget-text-editor\" data-id=\"1fa2f81\" data-element_type=\"widget\" data-e-type=\"widget\" data-widget_type=\"text-editor.default\">\n\t\t\t\t<div class=\"elementor-widget-container\">\n\t\t\t\t\t\t\t\t\t<p><span style=\"color: #d7b94b;\"><strong>En train :<\/strong><\/span><\/p><p><em>De la gare de G\u00eanes Brignole :<\/em><\/p><p>La Piazza Dante se trouve \u00e0 environ 10 minutes \u00e0 pied de la gare. En sortant de la gare, dirigez-vous vers la Piazza De Ferrari et continuez le long de la Via XX Settembre jusqu\u2019\u00e0 ce que vous atteigniez la Piazza Dante.<\/p><p><em>De la gare de G\u00eanes Piazza Principe :<\/em><\/p><p>Vous pouvez prendre le m\u00e9tro en direction de Brignole et descendre \u00e0 l\u2019arr\u00eat De Ferrari. De l\u00e0, la Piazza Dante n\u2019est qu\u2019\u00e0 quelques minutes \u00e0 pied.<\/p><p><span style=\"color: #d7b94b;\"><strong>En avion :<\/strong><\/span><\/p><p><em>De l\u2019a\u00e9roport de Cristoforo Colombo :<\/em><\/p><p>Prenez la Volabus, la navette qui relie l\u2019a\u00e9roport au centre-ville, et descendez \u00e0 l\u2019arr\u00eat Brignole ou De Ferrari. Depuis les deux arr\u00eats, la Piazza Dante est accessible \u00e0 pied en quelques minutes.<\/p><p><span style=\"color: #d7b94b;\"><strong>En voiture :<\/strong><\/span><\/p><p><em>Depuis l\u2019ouest (autoroute A10 ou A7) :<\/em><\/p><p>Sortez au p\u00e9age de G\u00eanes Ovest, puis suivez les panneaux indiquant le centre-ville et la Piazza Dante.<\/p><p><em>En venant de l\u2019est (autoroute A12) :<\/em><\/p><p>Sortez \u00e0 Genova Est, puis suivez les panneaux indiquant le centre-ville et la Piazza Dante.<br>Gardez \u00e0 l\u2019esprit que le centre-ville de G\u00eanes peut avoir des zones de circulation limit\u00e9es et un nombre limit\u00e9 de places de stationnement. Il est conseill\u00e9 de se renseigner sur les zones de stationnement disponibles et les \u00e9ventuelles restrictions de circulation avant d\u2019arriver.<\/p>\t\t\t\t\t\t\t\t<\/div>\n\t\t\t\t<\/div>\n\t\t\t\t<\/div>\n\t\t\t\t\t<\/details>\n\t\t\t\t\t<\/div>\n\t\t\t\t\t<script type=\"application\/ld+json\">{\"@context\":\"https:\\\/\\\/schema.org\",\"@type\":\"FAQPage\",\"mainEntity\":[{\"@type\":\"Question\",\"name\":\"Comment nous rejoindre\",\"acceptedAnswer\":{\"@type\":\"Answer\",\"text\":\"En train :De la gare de G\\u00eanes Brignole :La Piazza Dante se trouve \\u00e0 environ 10 minutes \\u00e0 pied de la gare. En sortant de la gare, dirigez-vous vers la Piazza De Ferrari et continuez le long de la Via XX Settembre jusqu\\u2019\\u00e0 ce que vous atteigniez la Piazza Dante.De la gare de G\\u00eanes Piazza Principe :Vous pouvez prendre le m\\u00e9tro en direction de Brignole et descendre \\u00e0 l\\u2019arr\\u00eat De Ferrari. De l\\u00e0, la Piazza Dante n\\u2019est qu\\u2019\\u00e0 quelques minutes \\u00e0 pied.En avion :De l\\u2019a\\u00e9roport de Cristoforo Colombo :Prenez la Volabus, la navette qui relie l\\u2019a\\u00e9roport au centre-ville, et descendez \\u00e0 l\\u2019arr\\u00eat Brignole ou De Ferrari. Depuis les deux arr\\u00eats, la Piazza Dante est accessible \\u00e0 pied en quelques minutes.En voiture :Depuis l\\u2019ouest (autoroute A10 ou A7) :Sortez au p\\u00e9age de G\\u00eanes Ovest, puis suivez les panneaux indiquant le centre-ville et la Piazza Dante.En venant de l\\u2019est (autoroute A12) :Sortez \\u00e0 Genova Est, puis suivez les panneaux indiquant le centre-ville et la Piazza Dante.Gardez \\u00e0 l\\u2019esprit que le centre-ville de G\\u00eanes peut avoir des zones de circulation limit\\u00e9es et un nombre limit\\u00e9 de places de stationnement. Il est conseill\\u00e9 de se renseigner sur les zones de stationnement disponibles et les \\u00e9ventuelles restrictions de circulation avant d\\u2019arriver.\"}}]}<\/script>\n\t\t\t\t\t\t\t<\/div>\n\t\t\t\t<\/div>\n\t\t\t\t<\/div>\n\t\t\t\t<\/div>\n\t\t\t\t<\/div>\n\t\t\t\t\t<\/div>\n\t\t\t\t<\/div>\n\t\t\t\t<\/div>\n\t\t","protected":false},"excerpt":{"rendered":"<p>O\u00f9 se trouvent les appartements Comment nous rejoindre En train : De la gare de G\u00eanes Brignole : La Piazza Dante se trouve \u00e0 environ 10 minutes \u00e0 pied de la gare. En sortant de la gare, dirigez-vous vers la Piazza De Ferrari et continuez le long de la Via XX Settembre jusqu\u2019\u00e0 ce que [&hellip;]<\/p>\n","protected":false},"author":1,"featured_media":0,"parent":0,"menu_order":0,"comment_status":"closed","ping_status":"closed","template":"","meta":{"_acf_changed":false,"footnotes":""},"class_list":["post-1411","page","type-page","status-publish","hentry"],"acf":[],"yoast_head":"<!-- This site is optimized with the Yoast SEO plugin v27.5 - https:\/\/yoast.com\/product\/yoast-seo-wordpress\/ -->\n<title>O\u00f9 sommes-nous - Genoa Lux Apartments with parking<\/title>\n<meta name=\"description\" content=\"Appartements de luxe \u00e0 G\u00eanes avec parking priv\u00e9. Confort, style et emplacement central pour un s\u00e9jour sans stress. R\u00e9servez d\u00e8s maintenant votre espace id\u00e9al !\" \/>\n<meta name=\"robots\" content=\"index, follow, max-snippet:-1, max-image-preview:large, max-video-preview:-1\" \/>\n<link rel=\"canonical\" href=\"https:\/\/www.genoaluxapartments.com\/fr\/ou-sommes-nous\/\" \/>\n<meta property=\"og:locale\" content=\"fr_FR\" \/>\n<meta property=\"og:type\" content=\"article\" \/>\n<meta property=\"og:title\" content=\"O\u00f9 sommes-nous - Genoa Lux Apartments with parking\" \/>\n<meta property=\"og:description\" content=\"Appartements de luxe \u00e0 G\u00eanes avec parking priv\u00e9. Confort, style et emplacement central pour un s\u00e9jour sans stress. R\u00e9servez d\u00e8s maintenant votre espace id\u00e9al !\" \/>\n<meta property=\"og:url\" content=\"https:\/\/www.genoaluxapartments.com\/fr\/ou-sommes-nous\/\" \/>\n<meta property=\"og:site_name\" content=\"Genoa Lux Apartments With Parking\" \/>\n<meta property=\"article:modified_time\" content=\"2025-07-04T08:09:41+00:00\" \/>\n<meta name=\"twitter:card\" content=\"summary_large_image\" \/>\n<meta name=\"twitter:label1\" content=\"Dur\u00e9e de lecture estim\u00e9e\" \/>\n\t<meta name=\"twitter:data1\" content=\"2 minutes\" \/>\n<script type=\"application\/ld+json\" class=\"yoast-schema-graph\">{\"@context\":\"https:\\\/\\\/schema.org\",\"@graph\":[{\"@type\":\"WebPage\",\"@id\":\"https:\\\/\\\/www.genoaluxapartments.com\\\/fr\\\/ou-sommes-nous\\\/\",\"url\":\"https:\\\/\\\/www.genoaluxapartments.com\\\/fr\\\/ou-sommes-nous\\\/\",\"name\":\"O\u00f9 sommes-nous - Genoa Lux Apartments with parking\",\"isPartOf\":{\"@id\":\"https:\\\/\\\/www.genoaluxapartments.com\\\/fr\\\/#website\"},\"datePublished\":\"2025-02-06T09:32:52+00:00\",\"dateModified\":\"2025-07-04T08:09:41+00:00\",\"description\":\"Appartements de luxe \u00e0 G\u00eanes avec parking priv\u00e9. Confort, style et emplacement central pour un s\u00e9jour sans stress. R\u00e9servez d\u00e8s maintenant votre espace id\u00e9al !\",\"breadcrumb\":{\"@id\":\"https:\\\/\\\/www.genoaluxapartments.com\\\/fr\\\/ou-sommes-nous\\\/#breadcrumb\"},\"inLanguage\":\"fr-FR\",\"potentialAction\":[{\"@type\":\"ReadAction\",\"target\":[\"https:\\\/\\\/www.genoaluxapartments.com\\\/fr\\\/ou-sommes-nous\\\/\"]}]},{\"@type\":\"BreadcrumbList\",\"@id\":\"https:\\\/\\\/www.genoaluxapartments.com\\\/fr\\\/ou-sommes-nous\\\/#breadcrumb\",\"itemListElement\":[{\"@type\":\"ListItem\",\"position\":1,\"name\":\"Home\",\"item\":\"https:\\\/\\\/www.genoaluxapartments.com\\\/fr\\\/domicile\\\/\"},{\"@type\":\"ListItem\",\"position\":2,\"name\":\"O\u00f9 sommes-nous\"}]},{\"@type\":\"WebSite\",\"@id\":\"https:\\\/\\\/www.genoaluxapartments.com\\\/fr\\\/#website\",\"url\":\"https:\\\/\\\/www.genoaluxapartments.com\\\/fr\\\/\",\"name\":\"Genoa Lux Apartments With Parking\",\"description\":\"\",\"publisher\":{\"@id\":\"https:\\\/\\\/www.genoaluxapartments.com\\\/fr\\\/#organization\"},\"potentialAction\":[{\"@type\":\"SearchAction\",\"target\":{\"@type\":\"EntryPoint\",\"urlTemplate\":\"https:\\\/\\\/www.genoaluxapartments.com\\\/fr\\\/?s={search_term_string}\"},\"query-input\":{\"@type\":\"PropertyValueSpecification\",\"valueRequired\":true,\"valueName\":\"search_term_string\"}}],\"inLanguage\":\"fr-FR\"},{\"@type\":\"Organization\",\"@id\":\"https:\\\/\\\/www.genoaluxapartments.com\\\/fr\\\/#organization\",\"name\":\"Genoa Lux Apartments With Parking\",\"url\":\"https:\\\/\\\/www.genoaluxapartments.com\\\/fr\\\/\",\"logo\":{\"@type\":\"ImageObject\",\"inLanguage\":\"fr-FR\",\"@id\":\"https:\\\/\\\/www.genoaluxapartments.com\\\/fr\\\/#\\\/schema\\\/logo\\\/image\\\/\",\"url\":\"https:\\\/\\\/www.genoaluxapartments.com\\\/wp-content\\\/uploads\\\/2025\\\/02\\\/logo-genoa-lux@2x.png\",\"contentUrl\":\"https:\\\/\\\/www.genoaluxapartments.com\\\/wp-content\\\/uploads\\\/2025\\\/02\\\/logo-genoa-lux@2x.png\",\"width\":1616,\"height\":239,\"caption\":\"Genoa Lux Apartments With Parking\"},\"image\":{\"@id\":\"https:\\\/\\\/www.genoaluxapartments.com\\\/fr\\\/#\\\/schema\\\/logo\\\/image\\\/\"}}]}<\/script>\n<!-- \/ Yoast SEO plugin. -->","yoast_head_json":{"title":"O\u00f9 sommes-nous - Genoa Lux Apartments with parking","description":"Appartements de luxe \u00e0 G\u00eanes avec parking priv\u00e9. Confort, style et emplacement central pour un s\u00e9jour sans stress. R\u00e9servez d\u00e8s maintenant votre espace id\u00e9al !","robots":{"index":"index","follow":"follow","max-snippet":"max-snippet:-1","max-image-preview":"max-image-preview:large","max-video-preview":"max-video-preview:-1"},"canonical":"https:\/\/www.genoaluxapartments.com\/fr\/ou-sommes-nous\/","og_locale":"fr_FR","og_type":"article","og_title":"O\u00f9 sommes-nous - Genoa Lux Apartments with parking","og_description":"Appartements de luxe \u00e0 G\u00eanes avec parking priv\u00e9. Confort, style et emplacement central pour un s\u00e9jour sans stress. R\u00e9servez d\u00e8s maintenant votre espace id\u00e9al !","og_url":"https:\/\/www.genoaluxapartments.com\/fr\/ou-sommes-nous\/","og_site_name":"Genoa Lux Apartments With Parking","article_modified_time":"2025-07-04T08:09:41+00:00","twitter_card":"summary_large_image","twitter_misc":{"Dur\u00e9e de lecture estim\u00e9e":"2 minutes"},"schema":{"@context":"https:\/\/schema.org","@graph":[{"@type":"WebPage","@id":"https:\/\/www.genoaluxapartments.com\/fr\/ou-sommes-nous\/","url":"https:\/\/www.genoaluxapartments.com\/fr\/ou-sommes-nous\/","name":"O\u00f9 sommes-nous - Genoa Lux Apartments with parking","isPartOf":{"@id":"https:\/\/www.genoaluxapartments.com\/fr\/#website"},"datePublished":"2025-02-06T09:32:52+00:00","dateModified":"2025-07-04T08:09:41+00:00","description":"Appartements de luxe \u00e0 G\u00eanes avec parking priv\u00e9. Confort, style et emplacement central pour un s\u00e9jour sans stress. R\u00e9servez d\u00e8s maintenant votre espace id\u00e9al !","breadcrumb":{"@id":"https:\/\/www.genoaluxapartments.com\/fr\/ou-sommes-nous\/#breadcrumb"},"inLanguage":"fr-FR","potentialAction":[{"@type":"ReadAction","target":["https:\/\/www.genoaluxapartments.com\/fr\/ou-sommes-nous\/"]}]},{"@type":"BreadcrumbList","@id":"https:\/\/www.genoaluxapartments.com\/fr\/ou-sommes-nous\/#breadcrumb","itemListElement":[{"@type":"ListItem","position":1,"name":"Home","item":"https:\/\/www.genoaluxapartments.com\/fr\/domicile\/"},{"@type":"ListItem","position":2,"name":"O\u00f9 sommes-nous"}]},{"@type":"WebSite","@id":"https:\/\/www.genoaluxapartments.com\/fr\/#website","url":"https:\/\/www.genoaluxapartments.com\/fr\/","name":"Genoa Lux Apartments With Parking","description":"","publisher":{"@id":"https:\/\/www.genoaluxapartments.com\/fr\/#organization"},"potentialAction":[{"@type":"SearchAction","target":{"@type":"EntryPoint","urlTemplate":"https:\/\/www.genoaluxapartments.com\/fr\/?s={search_term_string}"},"query-input":{"@type":"PropertyValueSpecification","valueRequired":true,"valueName":"search_term_string"}}],"inLanguage":"fr-FR"},{"@type":"Organization","@id":"https:\/\/www.genoaluxapartments.com\/fr\/#organization","name":"Genoa Lux Apartments With Parking","url":"https:\/\/www.genoaluxapartments.com\/fr\/","logo":{"@type":"ImageObject","inLanguage":"fr-FR","@id":"https:\/\/www.genoaluxapartments.com\/fr\/#\/schema\/logo\/image\/","url":"https:\/\/www.genoaluxapartments.com\/wp-content\/uploads\/2025\/02\/logo-genoa-lux@2x.png","contentUrl":"https:\/\/www.genoaluxapartments.com\/wp-content\/uploads\/2025\/02\/logo-genoa-lux@2x.png","width":1616,"height":239,"caption":"Genoa Lux Apartments With Parking"},"image":{"@id":"https:\/\/www.genoaluxapartments.com\/fr\/#\/schema\/logo\/image\/"}}]}},"_links":{"self":[{"href":"https:\/\/www.genoaluxapartments.com\/fr\/wp-json\/wp\/v2\/pages\/1411","targetHints":{"allow":["GET"]}}],"collection":[{"href":"https:\/\/www.genoaluxapartments.com\/fr\/wp-json\/wp\/v2\/pages"}],"about":[{"href":"https:\/\/www.genoaluxapartments.com\/fr\/wp-json\/wp\/v2\/types\/page"}],"author":[{"embeddable":true,"href":"https:\/\/www.genoaluxapartments.com\/fr\/wp-json\/wp\/v2\/users\/1"}],"replies":[{"embeddable":true,"href":"https:\/\/www.genoaluxapartments.com\/fr\/wp-json\/wp\/v2\/comments?post=1411"}],"version-history":[{"count":1,"href":"https:\/\/www.genoaluxapartments.com\/fr\/wp-json\/wp\/v2\/pages\/1411\/revisions"}],"predecessor-version":[{"id":1412,"href":"https:\/\/www.genoaluxapartments.com\/fr\/wp-json\/wp\/v2\/pages\/1411\/revisions\/1412"}],"wp:attachment":[{"href":"https:\/\/www.genoaluxapartments.com\/fr\/wp-json\/wp\/v2\/media?parent=1411"}],"curies":[{"name":"wp","href":"https:\/\/api.w.org\/{rel}","templated":true}]}}