{"id":1418,"date":"2025-02-06T09:33:43","date_gmt":"2025-02-06T09:33:43","guid":{"rendered":"https:\/\/www.genoaluxapartments.com\/parking\/"},"modified":"2025-07-07T07:42:10","modified_gmt":"2025-07-07T07:42:10","slug":"parking","status":"publish","type":"page","link":"https:\/\/www.genoaluxapartments.com\/fr\/parking\/","title":{"rendered":"Parking"},"content":{"rendered":"\t\t<div data-elementor-type=\"wp-page\" data-elementor-id=\"1418\" class=\"elementor elementor-1418 elementor-56\" data-elementor-post-type=\"page\">\n\t\t\t\t<div class=\"elementor-element elementor-element-c3eb8ab e-flex e-con-boxed e-con e-parent\" data-id=\"c3eb8ab\" data-element_type=\"container\" data-e-type=\"container\" data-settings=\"{&quot;background_background&quot;:&quot;classic&quot;}\">\n\t\t\t\t\t<div class=\"e-con-inner\">\n\t\t\t\t\t<\/div>\n\t\t\t\t<\/div>\n\t\t<div class=\"elementor-element elementor-element-e5ed0ee e-flex e-con-boxed e-con e-parent\" data-id=\"e5ed0ee\" data-element_type=\"container\" data-e-type=\"container\" data-settings=\"{&quot;background_background&quot;:&quot;gradient&quot;}\">\n\t\t\t\t\t<div class=\"e-con-inner\">\n\t\t<div class=\"elementor-element elementor-element-7caaad8 e-con-full e-flex elementor-invisible e-con e-child\" data-id=\"7caaad8\" data-element_type=\"container\" data-e-type=\"container\" data-settings=\"{&quot;animation&quot;:&quot;slideInUp&quot;}\">\n\t\t\t\t<div class=\"elementor-element elementor-element-f83bafb elementor-widget elementor-widget-text-editor\" data-id=\"f83bafb\" data-element_type=\"widget\" data-e-type=\"widget\" data-widget_type=\"text-editor.default\">\n\t\t\t\t<div class=\"elementor-widget-container\">\n\t\t\t\t\t\t\t\t\t<p>La valeur ajout\u00e9e de nos appartements est, sans l\u2019ombre d\u2019un doute, le parking !<br>Chaque appartement dispose de sa propre place de parking d\u00e9di\u00e9e.<br>Trois parkings sont souterrains et situ\u00e9s \u00e0 environ 60 m\u00e8tres des appartements (8 min \u00e0 pied)<span style=\"background-color: transparent;\"> <\/span><\/p><p>Ils sont dans un complexe de condominiums priv\u00e9, avec veilleur de nuit.<\/p><p><em><strong>Hauteur maximale des voitures 1,95m.<\/strong><\/em><br><em><strong>Longueur maximale 5,1m.<\/strong><\/em><\/p><p>Un parking se trouve dans la zone ext\u00e9rieure de la copropri\u00e9t\u00e9 ferm\u00e9e par un portail motoris\u00e9 et une t\u00e9l\u00e9commande.<\/p><p><strong>Le premier acc\u00e8s au parking se fait avec notre personnel qui vous donnera toutes les instructions pour entrer et sortir confortablement.<\/strong><\/p><p><strong>Nous vous rappelons que le check-in se fait de 15h \u00e0 19h<\/strong><\/p>\t\t\t\t\t\t\t\t<\/div>\n\t\t\t\t<\/div>\n\t\t\t\t<\/div>\n\t\t<div class=\"elementor-element elementor-element-5e3786f e-con-full animated-slow e-flex elementor-invisible e-con e-child\" data-id=\"5e3786f\" data-element_type=\"container\" data-e-type=\"container\" data-settings=\"{&quot;animation&quot;:&quot;slideInUp&quot;}\">\n\t\t\t\t<div class=\"elementor-element elementor-element-0ac4b52 elementor-widget elementor-widget-heading\" data-id=\"0ac4b52\" data-element_type=\"widget\" data-e-type=\"widget\" data-widget_type=\"heading.default\">\n\t\t\t\t<div class=\"elementor-widget-container\">\n\t\t\t\t\t<p class=\"elementor-heading-title elementor-size-default\">Demande de stationnement<\/p>\t\t\t\t<\/div>\n\t\t\t\t<\/div>\n\t\t\t\t<div class=\"elementor-element elementor-element-069f649 elementor-button-align-stretch elementor-widget elementor-widget-form\" data-id=\"069f649\" data-element_type=\"widget\" data-e-type=\"widget\" data-settings=\"{&quot;step_next_label&quot;:&quot;Suivant&quot;,&quot;step_previous_label&quot;:&quot;Pr\\u00e9c\\u00e9dent&quot;,&quot;button_width&quot;:&quot;100&quot;,&quot;step_type&quot;:&quot;number_text&quot;,&quot;step_icon_shape&quot;:&quot;circle&quot;}\" data-widget_type=\"form.default\">\n\t\t\t\t<div class=\"elementor-widget-container\">\n\t\t\t\t\t\t\t<form class=\"elementor-form\" method=\"post\" name=\"Nouveau module\" aria-label=\"Nouveau module\">\n\t\t\t<input type=\"hidden\" name=\"post_id\" value=\"1418\"\/>\n\t\t\t<input type=\"hidden\" name=\"form_id\" value=\"069f649\"\/>\n\t\t\t<input type=\"hidden\" name=\"referer_title\" value=\"Parking - Genoa Lux Apartments with parking\" \/>\n\n\t\t\t\t\t\t\t<input type=\"hidden\" name=\"queried_id\" value=\"1418\"\/>\n\t\t\t\n\t\t\t<div class=\"elementor-form-fields-wrapper elementor-labels-\">\n\t\t\t\t\t\t\t\t<div class=\"elementor-field-type-text elementor-field-group elementor-column elementor-field-group-name elementor-col-100\">\n\t\t\t\t\t\t\t\t\t\t\t\t<label for=\"form-field-name\" class=\"elementor-field-label elementor-screen-only\">\n\t\t\t\t\t\t\t\tNom\t\t\t\t\t\t\t<\/label>\n\t\t\t\t\t\t\t\t\t\t\t\t\t\t<input size=\"1\" type=\"text\" name=\"form_fields[name]\" id=\"form-field-name\" class=\"elementor-field elementor-size-sm  elementor-field-textual\" placeholder=\"Cas sujet\">\n\t\t\t\t\t\t\t\t\t\t\t<\/div>\n\t\t\t\t\t\t\t\t<div class=\"elementor-field-type-select elementor-field-group elementor-column elementor-field-group-field_27582ca elementor-col-100 elementor-field-required\">\n\t\t\t\t\t\t\t<div class=\"elementor-field elementor-select-wrapper remove-before \">\n\t\t\t<div class=\"select-caret-down-wrapper\">\n\t\t\t\t<svg aria-hidden=\"true\" class=\"e-font-icon-svg e-eicon-caret-down\" viewBox=\"0 0 571.4 571.4\" xmlns=\"http:\/\/www.w3.org\/2000\/svg\"><path d=\"M571 393Q571 407 561 418L311 668Q300 679 286 679T261 668L11 418Q0 407 0 393T11 368 36 357H536Q550 357 561 368T571 393Z\"><\/path><\/svg>\t\t\t<\/div>\n\t\t\t<select name=\"form_fields[field_27582ca]\" id=\"form-field-field_27582ca\" class=\"elementor-field-textual elementor-size-sm\" required=\"required\">\n\t\t\t\t\t\t\t\t\t<option value=\"CHOISISSEZ VOTRE CR\u00c9NEAU HORAIRE\">CHOISISSEZ VOTRE CR\u00c9NEAU HORAIRE<\/option>\n\t\t\t\t\t\t\t\t\t<option value=\"15:00 - 16:00 16:00\">15:00 - 16:00 16:00<\/option>\n\t\t\t\t\t\t\t\t\t<option value=\"- 17:00\">- 17:00<\/option>\n\t\t\t\t\t\t\t\t\t<option value=\"17:00 - 18:00\">17:00 - 18:00<\/option>\n\t\t\t\t\t\t\t\t\t<option value=\"18:00 - 19:00\">18:00 - 19:00<\/option>\n\t\t\t\t\t\t\t\t\t<option value=\"Autre cr\u00e9neau horaire sur demande\">Autre cr\u00e9neau horaire sur demande<\/option>\n\t\t\t\t\t\t\t<\/select>\n\t\t<\/div>\n\t\t\t\t\t\t<\/div>\n\t\t\t\t\t\t\t\t<div class=\"elementor-field-type-text elementor-field-group elementor-column elementor-field-group-field_fb370bf elementor-col-100 elementor-field-required\">\n\t\t\t\t\t\t\t\t\t\t\t\t\t<input size=\"1\" type=\"text\" name=\"form_fields[field_fb370bf]\" id=\"form-field-field_fb370bf\" class=\"elementor-field elementor-size-sm  elementor-field-textual\" placeholder=\"Type de voiture\" required=\"required\">\n\t\t\t\t\t\t\t\t\t\t\t<\/div>\n\t\t\t\t\t\t\t\t<div class=\"elementor-field-type-email elementor-field-group elementor-column elementor-field-group-email elementor-col-50 elementor-field-required\">\n\t\t\t\t\t\t\t\t\t\t\t\t<label for=\"form-field-email\" class=\"elementor-field-label elementor-screen-only\">\n\t\t\t\t\t\t\t\tMessagerie \u00e9lectronique\t\t\t\t\t\t\t<\/label>\n\t\t\t\t\t\t\t\t\t\t\t\t\t\t<input size=\"1\" type=\"email\" name=\"form_fields[email]\" id=\"form-field-email\" class=\"elementor-field elementor-size-sm  elementor-field-textual\" placeholder=\"Messagerie \u00e9lectronique\" required=\"required\">\n\t\t\t\t\t\t\t\t\t\t\t<\/div>\n\t\t\t\t\t\t\t\t<div class=\"elementor-field-type-text elementor-field-group elementor-column elementor-field-group-field_0f32f6d elementor-col-50 elementor-field-required\">\n\t\t\t\t\t\t\t\t\t\t\t\t\t<input size=\"1\" type=\"text\" name=\"form_fields[field_0f32f6d]\" id=\"form-field-field_0f32f6d\" class=\"elementor-field elementor-size-sm  elementor-field-textual\" placeholder=\"Num\u00e9ro de t\u00e9l\u00e9phone\" required=\"required\">\n\t\t\t\t\t\t\t\t\t\t\t<\/div>\n\t\t\t\t\t\t\t\t<div class=\"elementor-field-type-textarea elementor-field-group elementor-column elementor-field-group-field_0d0baba elementor-col-100\">\n\t\t\t\t\t<textarea class=\"elementor-field-textual elementor-field  elementor-size-sm\" name=\"form_fields[field_0d0baba]\" id=\"form-field-field_0d0baba\" rows=\"0\" placeholder=\"Demande suppl\u00e9mentaire\"><\/textarea>\t\t\t\t<\/div>\n\t\t\t\t\t\t\t\t<div class=\"elementor-field-type-acceptance elementor-field-group elementor-column elementor-field-group-field_f8bb811 elementor-col-100\">\n\t\t\t\t\t\t\t<div class=\"elementor-field-subgroup\">\n\t\t\t<span class=\"elementor-field-option\">\n\t\t\t\t<input type=\"checkbox\" name=\"form_fields[field_f8bb811]\" id=\"form-field-field_f8bb811\" class=\"elementor-field elementor-size-sm  elementor-acceptance-field\">\n\t\t\t\t<label for=\"form-field-field_f8bb811\">Je d\u00e9clare avoir lu la politique de <a href=\"https:\/\/www.genoaluxapartments.com\/fr\/politique-de-confidentialite\/\">confidentialit\u00e9<\/a> et consentir au traitement des donn\u00e9es personnelles aux fins qui y sont indiqu\u00e9es, pour lesquelles le consentement repr\u00e9sente la base juridique du traitement<\/label>\t\t\t<\/span>\n\t\t<\/div>\n\t\t\t\t\t\t<\/div>\n\t\t\t\t\t\t\t\t<div class=\"elementor-field-group elementor-column elementor-field-type-submit elementor-col-100 e-form__buttons\">\n\t\t\t\t\t<button class=\"elementor-button elementor-size-sm\" type=\"submit\">\n\t\t\t\t\t\t<span class=\"elementor-button-content-wrapper\">\n\t\t\t\t\t\t\t\t\t\t\t\t\t\t\t\t\t\t\t\t\t\t<span class=\"elementor-button-text\">Envoyer<\/span>\n\t\t\t\t\t\t\t\t\t\t\t\t\t<\/span>\n\t\t\t\t\t<\/button>\n\t\t\t\t<\/div>\n\t\t\t<\/div>\n\t\t<\/form>\n\t\t\t\t\t\t<\/div>\n\t\t\t\t<\/div>\n\t\t\t\t<\/div>\n\t\t\t\t\t<\/div>\n\t\t\t\t<\/div>\n\t\t\t\t<\/div>\n\t\t","protected":false},"excerpt":{"rendered":"<p>La valeur ajout\u00e9e de nos appartements est, sans l\u2019ombre d\u2019un doute, le parking !Chaque appartement dispose de sa propre place de parking d\u00e9di\u00e9e.Trois parkings sont souterrains et situ\u00e9s \u00e0 environ 60 m\u00e8tres des appartements (8 min \u00e0 pied) Ils sont dans un complexe de condominiums priv\u00e9, avec veilleur de nuit. Hauteur maximale des voitures 1,95m.Longueur [&hellip;]<\/p>\n","protected":false},"author":1,"featured_media":0,"parent":0,"menu_order":0,"comment_status":"closed","ping_status":"closed","template":"","meta":{"_acf_changed":false,"footnotes":""},"class_list":["post-1418","page","type-page","status-publish","hentry"],"acf":[],"yoast_head":"<!-- This site is optimized with the Yoast SEO plugin v27.5 - https:\/\/yoast.com\/product\/yoast-seo-wordpress\/ -->\n<title>Parking - Genoa Lux Apartments with parking<\/title>\n<meta name=\"description\" content=\"Appartements de luxe \u00e0 G\u00eanes avec parking priv\u00e9. Confort, style et emplacement central pour un s\u00e9jour sans stress. R\u00e9servez d\u00e8s maintenant votre espace id\u00e9al !\" \/>\n<meta name=\"robots\" content=\"index, follow, max-snippet:-1, max-image-preview:large, max-video-preview:-1\" \/>\n<link rel=\"canonical\" href=\"https:\/\/www.genoaluxapartments.com\/fr\/parking\/\" \/>\n<meta property=\"og:locale\" content=\"fr_FR\" \/>\n<meta property=\"og:type\" content=\"article\" \/>\n<meta property=\"og:title\" content=\"Parking - Genoa Lux Apartments with parking\" \/>\n<meta property=\"og:description\" content=\"Appartements de luxe \u00e0 G\u00eanes avec parking priv\u00e9. Confort, style et emplacement central pour un s\u00e9jour sans stress. R\u00e9servez d\u00e8s maintenant votre espace id\u00e9al !\" \/>\n<meta property=\"og:url\" content=\"https:\/\/www.genoaluxapartments.com\/fr\/parking\/\" \/>\n<meta property=\"og:site_name\" content=\"Genoa Lux Apartments With Parking\" \/>\n<meta property=\"article:modified_time\" content=\"2025-07-07T07:42:10+00:00\" \/>\n<meta name=\"twitter:card\" content=\"summary_large_image\" \/>\n<meta name=\"twitter:label1\" content=\"Dur\u00e9e de lecture estim\u00e9e\" \/>\n\t<meta name=\"twitter:data1\" content=\"1 minute\" \/>\n<script type=\"application\/ld+json\" class=\"yoast-schema-graph\">{\"@context\":\"https:\\\/\\\/schema.org\",\"@graph\":[{\"@type\":\"WebPage\",\"@id\":\"https:\\\/\\\/www.genoaluxapartments.com\\\/fr\\\/parking\\\/\",\"url\":\"https:\\\/\\\/www.genoaluxapartments.com\\\/fr\\\/parking\\\/\",\"name\":\"Parking - Genoa Lux Apartments with parking\",\"isPartOf\":{\"@id\":\"https:\\\/\\\/www.genoaluxapartments.com\\\/fr\\\/#website\"},\"datePublished\":\"2025-02-06T09:33:43+00:00\",\"dateModified\":\"2025-07-07T07:42:10+00:00\",\"description\":\"Appartements de luxe \u00e0 G\u00eanes avec parking priv\u00e9. Confort, style et emplacement central pour un s\u00e9jour sans stress. R\u00e9servez d\u00e8s maintenant votre espace id\u00e9al !\",\"breadcrumb\":{\"@id\":\"https:\\\/\\\/www.genoaluxapartments.com\\\/fr\\\/parking\\\/#breadcrumb\"},\"inLanguage\":\"fr-FR\",\"potentialAction\":[{\"@type\":\"ReadAction\",\"target\":[\"https:\\\/\\\/www.genoaluxapartments.com\\\/fr\\\/parking\\\/\"]}]},{\"@type\":\"BreadcrumbList\",\"@id\":\"https:\\\/\\\/www.genoaluxapartments.com\\\/fr\\\/parking\\\/#breadcrumb\",\"itemListElement\":[{\"@type\":\"ListItem\",\"position\":1,\"name\":\"Home\",\"item\":\"https:\\\/\\\/www.genoaluxapartments.com\\\/fr\\\/domicile\\\/\"},{\"@type\":\"ListItem\",\"position\":2,\"name\":\"Parking\"}]},{\"@type\":\"WebSite\",\"@id\":\"https:\\\/\\\/www.genoaluxapartments.com\\\/fr\\\/#website\",\"url\":\"https:\\\/\\\/www.genoaluxapartments.com\\\/fr\\\/\",\"name\":\"Genoa Lux Apartments With Parking\",\"description\":\"\",\"publisher\":{\"@id\":\"https:\\\/\\\/www.genoaluxapartments.com\\\/fr\\\/#organization\"},\"potentialAction\":[{\"@type\":\"SearchAction\",\"target\":{\"@type\":\"EntryPoint\",\"urlTemplate\":\"https:\\\/\\\/www.genoaluxapartments.com\\\/fr\\\/?s={search_term_string}\"},\"query-input\":{\"@type\":\"PropertyValueSpecification\",\"valueRequired\":true,\"valueName\":\"search_term_string\"}}],\"inLanguage\":\"fr-FR\"},{\"@type\":\"Organization\",\"@id\":\"https:\\\/\\\/www.genoaluxapartments.com\\\/fr\\\/#organization\",\"name\":\"Genoa Lux Apartments With Parking\",\"url\":\"https:\\\/\\\/www.genoaluxapartments.com\\\/fr\\\/\",\"logo\":{\"@type\":\"ImageObject\",\"inLanguage\":\"fr-FR\",\"@id\":\"https:\\\/\\\/www.genoaluxapartments.com\\\/fr\\\/#\\\/schema\\\/logo\\\/image\\\/\",\"url\":\"https:\\\/\\\/www.genoaluxapartments.com\\\/wp-content\\\/uploads\\\/2025\\\/02\\\/logo-genoa-lux@2x.png\",\"contentUrl\":\"https:\\\/\\\/www.genoaluxapartments.com\\\/wp-content\\\/uploads\\\/2025\\\/02\\\/logo-genoa-lux@2x.png\",\"width\":1616,\"height\":239,\"caption\":\"Genoa Lux Apartments With Parking\"},\"image\":{\"@id\":\"https:\\\/\\\/www.genoaluxapartments.com\\\/fr\\\/#\\\/schema\\\/logo\\\/image\\\/\"}}]}<\/script>\n<!-- \/ Yoast SEO plugin. -->","yoast_head_json":{"title":"Parking - Genoa Lux Apartments with parking","description":"Appartements de luxe \u00e0 G\u00eanes avec parking priv\u00e9. Confort, style et emplacement central pour un s\u00e9jour sans stress. R\u00e9servez d\u00e8s maintenant votre espace id\u00e9al !","robots":{"index":"index","follow":"follow","max-snippet":"max-snippet:-1","max-image-preview":"max-image-preview:large","max-video-preview":"max-video-preview:-1"},"canonical":"https:\/\/www.genoaluxapartments.com\/fr\/parking\/","og_locale":"fr_FR","og_type":"article","og_title":"Parking - Genoa Lux Apartments with parking","og_description":"Appartements de luxe \u00e0 G\u00eanes avec parking priv\u00e9. Confort, style et emplacement central pour un s\u00e9jour sans stress. R\u00e9servez d\u00e8s maintenant votre espace id\u00e9al !","og_url":"https:\/\/www.genoaluxapartments.com\/fr\/parking\/","og_site_name":"Genoa Lux Apartments With Parking","article_modified_time":"2025-07-07T07:42:10+00:00","twitter_card":"summary_large_image","twitter_misc":{"Dur\u00e9e de lecture estim\u00e9e":"1 minute"},"schema":{"@context":"https:\/\/schema.org","@graph":[{"@type":"WebPage","@id":"https:\/\/www.genoaluxapartments.com\/fr\/parking\/","url":"https:\/\/www.genoaluxapartments.com\/fr\/parking\/","name":"Parking - Genoa Lux Apartments with parking","isPartOf":{"@id":"https:\/\/www.genoaluxapartments.com\/fr\/#website"},"datePublished":"2025-02-06T09:33:43+00:00","dateModified":"2025-07-07T07:42:10+00:00","description":"Appartements de luxe \u00e0 G\u00eanes avec parking priv\u00e9. Confort, style et emplacement central pour un s\u00e9jour sans stress. R\u00e9servez d\u00e8s maintenant votre espace id\u00e9al !","breadcrumb":{"@id":"https:\/\/www.genoaluxapartments.com\/fr\/parking\/#breadcrumb"},"inLanguage":"fr-FR","potentialAction":[{"@type":"ReadAction","target":["https:\/\/www.genoaluxapartments.com\/fr\/parking\/"]}]},{"@type":"BreadcrumbList","@id":"https:\/\/www.genoaluxapartments.com\/fr\/parking\/#breadcrumb","itemListElement":[{"@type":"ListItem","position":1,"name":"Home","item":"https:\/\/www.genoaluxapartments.com\/fr\/domicile\/"},{"@type":"ListItem","position":2,"name":"Parking"}]},{"@type":"WebSite","@id":"https:\/\/www.genoaluxapartments.com\/fr\/#website","url":"https:\/\/www.genoaluxapartments.com\/fr\/","name":"Genoa Lux Apartments With Parking","description":"","publisher":{"@id":"https:\/\/www.genoaluxapartments.com\/fr\/#organization"},"potentialAction":[{"@type":"SearchAction","target":{"@type":"EntryPoint","urlTemplate":"https:\/\/www.genoaluxapartments.com\/fr\/?s={search_term_string}"},"query-input":{"@type":"PropertyValueSpecification","valueRequired":true,"valueName":"search_term_string"}}],"inLanguage":"fr-FR"},{"@type":"Organization","@id":"https:\/\/www.genoaluxapartments.com\/fr\/#organization","name":"Genoa Lux Apartments With Parking","url":"https:\/\/www.genoaluxapartments.com\/fr\/","logo":{"@type":"ImageObject","inLanguage":"fr-FR","@id":"https:\/\/www.genoaluxapartments.com\/fr\/#\/schema\/logo\/image\/","url":"https:\/\/www.genoaluxapartments.com\/wp-content\/uploads\/2025\/02\/logo-genoa-lux@2x.png","contentUrl":"https:\/\/www.genoaluxapartments.com\/wp-content\/uploads\/2025\/02\/logo-genoa-lux@2x.png","width":1616,"height":239,"caption":"Genoa Lux Apartments With Parking"},"image":{"@id":"https:\/\/www.genoaluxapartments.com\/fr\/#\/schema\/logo\/image\/"}}]}},"_links":{"self":[{"href":"https:\/\/www.genoaluxapartments.com\/fr\/wp-json\/wp\/v2\/pages\/1418","targetHints":{"allow":["GET"]}}],"collection":[{"href":"https:\/\/www.genoaluxapartments.com\/fr\/wp-json\/wp\/v2\/pages"}],"about":[{"href":"https:\/\/www.genoaluxapartments.com\/fr\/wp-json\/wp\/v2\/types\/page"}],"author":[{"embeddable":true,"href":"https:\/\/www.genoaluxapartments.com\/fr\/wp-json\/wp\/v2\/users\/1"}],"replies":[{"embeddable":true,"href":"https:\/\/www.genoaluxapartments.com\/fr\/wp-json\/wp\/v2\/comments?post=1418"}],"version-history":[{"count":1,"href":"https:\/\/www.genoaluxapartments.com\/fr\/wp-json\/wp\/v2\/pages\/1418\/revisions"}],"predecessor-version":[{"id":1419,"href":"https:\/\/www.genoaluxapartments.com\/fr\/wp-json\/wp\/v2\/pages\/1418\/revisions\/1419"}],"wp:attachment":[{"href":"https:\/\/www.genoaluxapartments.com\/fr\/wp-json\/wp\/v2\/media?parent=1418"}],"curies":[{"name":"wp","href":"https:\/\/api.w.org\/{rel}","templated":true}]}}