{"id":1661,"date":"2025-08-04T08:09:37","date_gmt":"2025-08-04T08:09:37","guid":{"rendered":"https:\/\/www.genoaluxapartments.com\/genes\/"},"modified":"2025-08-04T09:07:19","modified_gmt":"2025-08-04T09:07:19","slug":"genes","status":"publish","type":"page","link":"https:\/\/www.genoaluxapartments.com\/fr\/genes\/","title":{"rendered":"G\u00eanes"},"content":{"rendered":"\t\t<div data-elementor-type=\"wp-page\" data-elementor-id=\"1661\" class=\"elementor elementor-1661 elementor-1643\" data-elementor-post-type=\"page\">\n\t\t\t\t<div class=\"elementor-element elementor-element-a0821e5 e-flex e-con-boxed e-con e-parent\" data-id=\"a0821e5\" data-element_type=\"container\" data-e-type=\"container\" data-settings=\"{&quot;background_background&quot;:&quot;classic&quot;}\">\n\t\t\t\t\t<div class=\"e-con-inner\">\n\t\t\t\t\t<\/div>\n\t\t\t\t<\/div>\n\t\t<div class=\"elementor-element elementor-element-87ac353 e-flex e-con-boxed e-con e-parent\" data-id=\"87ac353\" data-element_type=\"container\" data-e-type=\"container\">\n\t\t\t\t\t<div class=\"e-con-inner\">\n\t\t\t\t<div class=\"elementor-element elementor-element-a3bd7ff elementor-widget elementor-widget-text-editor\" data-id=\"a3bd7ff\" data-element_type=\"widget\" data-e-type=\"widget\" data-widget_type=\"text-editor.default\">\n\t\t\t\t<div class=\"elementor-widget-container\">\n\t\t\t\t\t\t\t\t\t<p>Bienvenue \u00e0 G\u00eanes, l\u2019une des villes les plus fascinantes d\u2019Italie, o\u00f9 l\u2019histoire est entrelac\u00e9e avec la modernit\u00e9 et la beaut\u00e9 naturelle se m\u00eale \u00e0 l\u2019art et \u00e0 la culture. Sur cette page, nous allons explorer les activit\u00e9s incontournables \u00e0 faire \u00e0 G\u00eanes, tout en vous donnant un aper\u00e7u des innombrables attractions qui rendent cette ville unique. <\/p><p>G\u00eanes est c\u00e9l\u00e8bre pour son magnifique centre historique, En vous promenant dans les ruelles \u00e9troites et les places historiques, vous d\u00e9couvrirez des joyaux architecturaux tels que la <b>cath\u00e9drale de San Lorenzo et le palais des Doges<\/b>. N\u2019oubliez pas de visiter le Porto Antico, o\u00f9 vous pourrez profiter d\u2019une vue imprenable sur la mer et visiter <b>l\u2019aquarium de G\u00eanes<\/b>, l\u2019un des plus grands d\u2019Europe. <\/p><p>Les Strade Nuove et les Palazzi dei Rolli, d\u00e9clar\u00e9s patrimoine mondial par l\u2019UNESCO, offrent une exp\u00e9rience unique, avec leurs fa\u00e7ades \u00e9l\u00e9gantes et leurs int\u00e9rieurs riches. Trois de ces palais composent le <b>les mus\u00e9es Strada Nuova, la galerie nationale du Palazzo Spinola di Pellicceria, le mus\u00e9e du Palazzo Reale&nbsp;;<br>De plus, le th\u00e9\u00e2tre Carlo Felice propose un calendrier rempli d\u2019op\u00e9ras et de concerts, parfait pour les m\u00e9lomanes. <\/b><br>G\u00eanes est une ville qui offre un m\u00e9lange parfait de culture, d\u2019art et de beaut\u00e9 naturelle. Que vous soyez \u00e0 la recherche d\u2019aventures, d\u2019\u00e9v\u00e9nements culturels ou simplement d\u2019un endroit \u00e0 explorer, notre site Genoa Lux Apartments est votre point de d\u00e9part id\u00e9al.  <\/p><p>  R\u00e9servez votre s\u00e9jour et pr\u00e9parez-vous \u00e0 vivre une exp\u00e9rience inoubliable dans la Superba !<br><br><\/p>\t\t\t\t\t\t\t\t<\/div>\n\t\t\t\t<\/div>\n\t\t\t\t\t<\/div>\n\t\t\t\t<\/div>\n\t\t\t\t<\/div>\n\t\t","protected":false},"excerpt":{"rendered":"<p>Bienvenue \u00e0 G\u00eanes, l\u2019une des villes les plus fascinantes d\u2019Italie, o\u00f9 l\u2019histoire est entrelac\u00e9e avec la modernit\u00e9 et la beaut\u00e9 naturelle se m\u00eale \u00e0 l\u2019art et \u00e0 la culture. Sur cette page, nous allons explorer les activit\u00e9s incontournables \u00e0 faire \u00e0 G\u00eanes, tout en vous donnant un aper\u00e7u des innombrables attractions qui rendent cette ville [&hellip;]<\/p>\n","protected":false},"author":1,"featured_media":0,"parent":0,"menu_order":0,"comment_status":"closed","ping_status":"closed","template":"","meta":{"_acf_changed":false,"footnotes":""},"class_list":["post-1661","page","type-page","status-publish","hentry"],"acf":[],"yoast_head":"<!-- This site is optimized with the Yoast SEO plugin v27.5 - https:\/\/yoast.com\/product\/yoast-seo-wordpress\/ -->\n<title>G\u00eanes - Genoa Lux Apartments with parking<\/title>\n<meta name=\"description\" content=\"Luxury apartments in Genoa with private parking. Comfort, style and central location for a stress-free stay. Book your ideal space now!\" \/>\n<meta name=\"robots\" content=\"index, follow, max-snippet:-1, max-image-preview:large, max-video-preview:-1\" \/>\n<link rel=\"canonical\" href=\"https:\/\/www.genoaluxapartments.com\/fr\/genes\/\" \/>\n<meta property=\"og:locale\" content=\"fr_FR\" \/>\n<meta property=\"og:type\" content=\"article\" \/>\n<meta property=\"og:title\" content=\"G\u00eanes - Genoa Lux Apartments with parking\" \/>\n<meta property=\"og:description\" content=\"Luxury apartments in Genoa with private parking. Comfort, style and central location for a stress-free stay. Book your ideal space now!\" \/>\n<meta property=\"og:url\" content=\"https:\/\/www.genoaluxapartments.com\/fr\/genes\/\" \/>\n<meta property=\"og:site_name\" content=\"Genoa Lux Apartments With Parking\" \/>\n<meta property=\"article:modified_time\" content=\"2025-08-04T09:07:19+00:00\" \/>\n<meta name=\"twitter:card\" content=\"summary_large_image\" \/>\n<meta name=\"twitter:label1\" content=\"Dur\u00e9e de lecture estim\u00e9e\" \/>\n\t<meta name=\"twitter:data1\" content=\"1 minute\" \/>\n<script type=\"application\/ld+json\" class=\"yoast-schema-graph\">{\"@context\":\"https:\\\/\\\/schema.org\",\"@graph\":[{\"@type\":\"WebPage\",\"@id\":\"https:\\\/\\\/www.genoaluxapartments.com\\\/fr\\\/genes\\\/\",\"url\":\"https:\\\/\\\/www.genoaluxapartments.com\\\/fr\\\/genes\\\/\",\"name\":\"G\u00eanes - Genoa Lux Apartments with parking\",\"isPartOf\":{\"@id\":\"https:\\\/\\\/www.genoaluxapartments.com\\\/fr\\\/#website\"},\"datePublished\":\"2025-08-04T08:09:37+00:00\",\"dateModified\":\"2025-08-04T09:07:19+00:00\",\"description\":\"Luxury apartments in Genoa with private parking. Comfort, style and central location for a stress-free stay. Book your ideal space now!\",\"breadcrumb\":{\"@id\":\"https:\\\/\\\/www.genoaluxapartments.com\\\/fr\\\/genes\\\/#breadcrumb\"},\"inLanguage\":\"fr-FR\",\"potentialAction\":[{\"@type\":\"ReadAction\",\"target\":[\"https:\\\/\\\/www.genoaluxapartments.com\\\/fr\\\/genes\\\/\"]}]},{\"@type\":\"BreadcrumbList\",\"@id\":\"https:\\\/\\\/www.genoaluxapartments.com\\\/fr\\\/genes\\\/#breadcrumb\",\"itemListElement\":[{\"@type\":\"ListItem\",\"position\":1,\"name\":\"Home\",\"item\":\"https:\\\/\\\/www.genoaluxapartments.com\\\/fr\\\/domicile\\\/\"},{\"@type\":\"ListItem\",\"position\":2,\"name\":\"G\u00eanes\"}]},{\"@type\":\"WebSite\",\"@id\":\"https:\\\/\\\/www.genoaluxapartments.com\\\/fr\\\/#website\",\"url\":\"https:\\\/\\\/www.genoaluxapartments.com\\\/fr\\\/\",\"name\":\"Genoa Lux Apartments With Parking\",\"description\":\"\",\"publisher\":{\"@id\":\"https:\\\/\\\/www.genoaluxapartments.com\\\/fr\\\/#organization\"},\"potentialAction\":[{\"@type\":\"SearchAction\",\"target\":{\"@type\":\"EntryPoint\",\"urlTemplate\":\"https:\\\/\\\/www.genoaluxapartments.com\\\/fr\\\/?s={search_term_string}\"},\"query-input\":{\"@type\":\"PropertyValueSpecification\",\"valueRequired\":true,\"valueName\":\"search_term_string\"}}],\"inLanguage\":\"fr-FR\"},{\"@type\":\"Organization\",\"@id\":\"https:\\\/\\\/www.genoaluxapartments.com\\\/fr\\\/#organization\",\"name\":\"Genoa Lux Apartments With Parking\",\"url\":\"https:\\\/\\\/www.genoaluxapartments.com\\\/fr\\\/\",\"logo\":{\"@type\":\"ImageObject\",\"inLanguage\":\"fr-FR\",\"@id\":\"https:\\\/\\\/www.genoaluxapartments.com\\\/fr\\\/#\\\/schema\\\/logo\\\/image\\\/\",\"url\":\"https:\\\/\\\/www.genoaluxapartments.com\\\/wp-content\\\/uploads\\\/2025\\\/02\\\/logo-genoa-lux@2x.png\",\"contentUrl\":\"https:\\\/\\\/www.genoaluxapartments.com\\\/wp-content\\\/uploads\\\/2025\\\/02\\\/logo-genoa-lux@2x.png\",\"width\":1616,\"height\":239,\"caption\":\"Genoa Lux Apartments With Parking\"},\"image\":{\"@id\":\"https:\\\/\\\/www.genoaluxapartments.com\\\/fr\\\/#\\\/schema\\\/logo\\\/image\\\/\"}}]}<\/script>\n<!-- \/ Yoast SEO plugin. -->","yoast_head_json":{"title":"G\u00eanes - Genoa Lux Apartments with parking","description":"Luxury apartments in Genoa with private parking. Comfort, style and central location for a stress-free stay. Book your ideal space now!","robots":{"index":"index","follow":"follow","max-snippet":"max-snippet:-1","max-image-preview":"max-image-preview:large","max-video-preview":"max-video-preview:-1"},"canonical":"https:\/\/www.genoaluxapartments.com\/fr\/genes\/","og_locale":"fr_FR","og_type":"article","og_title":"G\u00eanes - Genoa Lux Apartments with parking","og_description":"Luxury apartments in Genoa with private parking. Comfort, style and central location for a stress-free stay. Book your ideal space now!","og_url":"https:\/\/www.genoaluxapartments.com\/fr\/genes\/","og_site_name":"Genoa Lux Apartments With Parking","article_modified_time":"2025-08-04T09:07:19+00:00","twitter_card":"summary_large_image","twitter_misc":{"Dur\u00e9e de lecture estim\u00e9e":"1 minute"},"schema":{"@context":"https:\/\/schema.org","@graph":[{"@type":"WebPage","@id":"https:\/\/www.genoaluxapartments.com\/fr\/genes\/","url":"https:\/\/www.genoaluxapartments.com\/fr\/genes\/","name":"G\u00eanes - Genoa Lux Apartments with parking","isPartOf":{"@id":"https:\/\/www.genoaluxapartments.com\/fr\/#website"},"datePublished":"2025-08-04T08:09:37+00:00","dateModified":"2025-08-04T09:07:19+00:00","description":"Luxury apartments in Genoa with private parking. Comfort, style and central location for a stress-free stay. Book your ideal space now!","breadcrumb":{"@id":"https:\/\/www.genoaluxapartments.com\/fr\/genes\/#breadcrumb"},"inLanguage":"fr-FR","potentialAction":[{"@type":"ReadAction","target":["https:\/\/www.genoaluxapartments.com\/fr\/genes\/"]}]},{"@type":"BreadcrumbList","@id":"https:\/\/www.genoaluxapartments.com\/fr\/genes\/#breadcrumb","itemListElement":[{"@type":"ListItem","position":1,"name":"Home","item":"https:\/\/www.genoaluxapartments.com\/fr\/domicile\/"},{"@type":"ListItem","position":2,"name":"G\u00eanes"}]},{"@type":"WebSite","@id":"https:\/\/www.genoaluxapartments.com\/fr\/#website","url":"https:\/\/www.genoaluxapartments.com\/fr\/","name":"Genoa Lux Apartments With Parking","description":"","publisher":{"@id":"https:\/\/www.genoaluxapartments.com\/fr\/#organization"},"potentialAction":[{"@type":"SearchAction","target":{"@type":"EntryPoint","urlTemplate":"https:\/\/www.genoaluxapartments.com\/fr\/?s={search_term_string}"},"query-input":{"@type":"PropertyValueSpecification","valueRequired":true,"valueName":"search_term_string"}}],"inLanguage":"fr-FR"},{"@type":"Organization","@id":"https:\/\/www.genoaluxapartments.com\/fr\/#organization","name":"Genoa Lux Apartments With Parking","url":"https:\/\/www.genoaluxapartments.com\/fr\/","logo":{"@type":"ImageObject","inLanguage":"fr-FR","@id":"https:\/\/www.genoaluxapartments.com\/fr\/#\/schema\/logo\/image\/","url":"https:\/\/www.genoaluxapartments.com\/wp-content\/uploads\/2025\/02\/logo-genoa-lux@2x.png","contentUrl":"https:\/\/www.genoaluxapartments.com\/wp-content\/uploads\/2025\/02\/logo-genoa-lux@2x.png","width":1616,"height":239,"caption":"Genoa Lux Apartments With Parking"},"image":{"@id":"https:\/\/www.genoaluxapartments.com\/fr\/#\/schema\/logo\/image\/"}}]}},"_links":{"self":[{"href":"https:\/\/www.genoaluxapartments.com\/fr\/wp-json\/wp\/v2\/pages\/1661","targetHints":{"allow":["GET"]}}],"collection":[{"href":"https:\/\/www.genoaluxapartments.com\/fr\/wp-json\/wp\/v2\/pages"}],"about":[{"href":"https:\/\/www.genoaluxapartments.com\/fr\/wp-json\/wp\/v2\/types\/page"}],"author":[{"embeddable":true,"href":"https:\/\/www.genoaluxapartments.com\/fr\/wp-json\/wp\/v2\/users\/1"}],"replies":[{"embeddable":true,"href":"https:\/\/www.genoaluxapartments.com\/fr\/wp-json\/wp\/v2\/comments?post=1661"}],"version-history":[{"count":1,"href":"https:\/\/www.genoaluxapartments.com\/fr\/wp-json\/wp\/v2\/pages\/1661\/revisions"}],"predecessor-version":[{"id":1662,"href":"https:\/\/www.genoaluxapartments.com\/fr\/wp-json\/wp\/v2\/pages\/1661\/revisions\/1662"}],"wp:attachment":[{"href":"https:\/\/www.genoaluxapartments.com\/fr\/wp-json\/wp\/v2\/media?parent=1661"}],"curies":[{"name":"wp","href":"https:\/\/api.w.org\/{rel}","templated":true}]}}